{"id":493,"date":"2022-06-08T17:07:24","date_gmt":"2022-06-08T17:07:24","guid":{"rendered":"https:\/\/lesya-demo.bslthemes.com\/?page_id=493"},"modified":"2024-10-11T08:17:19","modified_gmt":"2024-10-11T08:17:19","slug":"sobre-mi","status":"publish","type":"page","link":"https:\/\/jenifergutierrezmakeup.com\/es_es\/sobre-mi\/","title":{"rendered":"Sobre m\u00ed"},"content":{"rendered":"\t\t<div data-elementor-type=\"wp-page\" data-elementor-id=\"493\" class=\"elementor elementor-493\">\n\t\t\t\t\t\t<section class=\"elementor-section elementor-top-section elementor-element elementor-element-0764387 elementor-section-full_width elementor-section-height-default elementor-section-height-default\" data-id=\"0764387\" data-element_type=\"section\">\n\t\t\t\t\t\t<div class=\"elementor-container elementor-column-gap-no\">\n\t\t\t\t\t<div class=\"elementor-column elementor-col-100 elementor-top-column elementor-element elementor-element-d4bf4ba\" data-id=\"d4bf4ba\" data-element_type=\"column\">\n\t\t\t<div class=\"elementor-widget-wrap elementor-element-populated\">\n\t\t\t\t\t\t<div class=\"elementor-element elementor-element-14842c2 elementor-widget elementor-widget-lesya-intro-section\" data-id=\"14842c2\" data-element_type=\"widget\" data-widget_type=\"lesya-intro-section.default\">\n\t\t\t\t<div class=\"elementor-widget-container\">\n\t\t\t\t\t\n      <!-- Page Banner Start -->\n      <section class=\"page-banner text-white py-165 rpy-130\" style=\"background-image: url(https:\/\/jenifergutierrezmakeup.com\/wp-content\/uploads\/2024\/10\/image00009-1920x1280.jpeg);\">\n      \t<div class=\"container\">\n      \t\t<div class=\"banner-inner\">\n                        <span class=\"bg-text\">\n              <span >Jenifer Guti\u00e9rrez<\/span>\n            <\/span>\n                                    <h1 class=\"page-title wow fadeInUp delay-0-2s\">\n              <span >Sobre m\u00ed<\/span>\n            <\/h1>\n                        <ol class=\"breadcrumb wow fadeInUp delay-0-4s\"><li class=\"breadcrumb-item\"><a href=\"https:\/\/jenifergutierrezmakeup.com\/es_es\/\" title=\"Jenifer Guti\u00e9rrez \">Home<\/a><\/li><li class=\"breadcrumb-item\"><span><\/span><\/li><\/ol>      \t\t<\/div>\n      \t<\/div>\n      <\/section>\n      <!-- Page Banner End -->\n\n      \t\t\t\t<\/div>\n\t\t\t\t<\/div>\n\t\t\t\t\t<\/div>\n\t\t<\/div>\n\t\t\t\t\t<\/div>\n\t\t<\/section>\n\t\t\t\t<section class=\"elementor-section elementor-top-section elementor-element elementor-element-7610049 elementor-section-full_width elementor-section-height-default elementor-section-height-default\" data-id=\"7610049\" data-element_type=\"section\">\n\t\t\t\t\t\t<div class=\"elementor-container elementor-column-gap-no\">\n\t\t\t\t\t<div class=\"elementor-column elementor-col-100 elementor-top-column elementor-element elementor-element-60018d5\" data-id=\"60018d5\" data-element_type=\"column\">\n\t\t\t<div class=\"elementor-widget-wrap elementor-element-populated\">\n\t\t\t\t\t\t<div class=\"elementor-element elementor-element-ca26e36 elementor-widget elementor-widget-lesya-about-us\" data-id=\"ca26e36\" data-element_type=\"widget\" data-widget_type=\"lesya-about-us.default\">\n\t\t\t\t<div class=\"elementor-widget-container\">\n\t\t\t\t\t\n    <!-- About Section Start -->\n    <section class=\"about-section rel pt-150 rpt-100 py-150\">\n        <div class=\"container\">\n            <div class=\"row align-items-center\">\n                <div class=\"col-lg-6\">\n                                        <div class=\"about-left rmb-55 wow fadeInLeft delay-0-2s\">\n                        <img decoding=\"async\" src=\"https:\/\/jenifergutierrezmakeup.com\/wp-content\/uploads\/2024\/10\/image00007-1-900x600.jpeg\" alt=\"\" \/>\n\t\t\t\t\t\t\t\t\t\t\t\t\t\t\t\t\t\t\t\t\t\t\t\t\t\t\t\t\t\t\t\t\t\t\t\t<div class=\"circle-image\">\n\t\t\t\t\t\t\t\t\t\t\t\t\t\t<img decoding=\"async\" src=\"https:\/\/jenifergutierrezmakeup.com\/wp-content\/uploads\/2024\/07\/logojg2-02.png\" alt=\"\">\n\t\t\t\t\t\t\t\t\t\t\t\t<\/div>\n\t\t\t\t\t\t\t\t\t\t\t\t\t\t\t\t\t\t\t\t\t\t\t\t                    <\/div>\n                                    <\/div>\n                <div class=\"col-lg-6\">\n                    <div class=\"about-content wow fadeInRight delay-0-2s\">\n\t\t\t\t\t\t\t\t\t\t\t\t                                \t\t\t\t\t\t\t\t<div class=\"description\">\n        \t\t\t\t\t\t\t\t\t<div >\n        \t\t\t\t\t\t\t\t\t\t<p>Soy\u00a0<strong>Jenifer Guti\u00e9rrez<\/strong>, apasionada del maquillaje y la cosm\u00e9tica en general. Descubr\u00ed mi pasi\u00f3n en 2010 y desde entonces he trabajado para varias marcas de maquillaje hasta llegar a lo que soy hoy. Para m\u00ed<strong>\u00a0tu maquillaje define tu esencia<\/strong>, la naturalidad sobrepasa lo extravagante y sobre todo\u00a0<strong>las cejas juegan un papel muy importante<\/strong>. Estudi\u00e9 magisterio y es por eso que los cursos de maquillaje siguen teniendo \u00e9xito y un huequito en mi agenda.<\/p><p><strong>Especialista<\/strong>\u00a0en\u00a0<strong>novias<\/strong>\u00a0y\u00a0<strong>maquillaje<\/strong> en general. Te invito a visitarme y en mi espacio y dejarte asesorar.<\/p>        \t\t\t\t\t\t\t\t\t<\/div>\n        \t\t\t\t\t\t\t\t<\/div>\n        \t\t\t\t\t\t\t\t                                                                    <\/div>\n                <\/div>\n            <\/div>\n        <\/div>\n\t\t\t\t\t\t\t\t\t\t\t\t<div class=\"about-right-leaf\">\n\t\t\t\t\t<img decoding=\"async\" src=\"https:\/\/jenifergutierrezmakeup.com\/wp-content\/uploads\/2024\/10\/boldbrows-copia.webp\" alt=\"\">\n\t\t\t\t<\/div>\n\t\t\t\t\t\t\t\t    <\/section>\n    <!-- About Section End -->\n\n\t\t\t\t\t\t<\/div>\n\t\t\t\t<\/div>\n\t\t\t\t\t<\/div>\n\t\t<\/div>\n\t\t\t\t\t<\/div>\n\t\t<\/section>\n\t\t\t\t<section class=\"elementor-section elementor-top-section elementor-element elementor-element-9a8142c elementor-section-boxed elementor-section-height-default elementor-section-height-default\" data-id=\"9a8142c\" data-element_type=\"section\" data-settings=\"{&quot;background_background&quot;:&quot;classic&quot;}\">\n\t\t\t\t\t\t<div class=\"elementor-container elementor-column-gap-no\">\n\t\t\t\t\t<div class=\"elementor-column elementor-col-100 elementor-top-column elementor-element elementor-element-42c706da\" data-id=\"42c706da\" data-element_type=\"column\" data-settings=\"{&quot;background_background&quot;:&quot;classic&quot;}\">\n\t\t\t<div class=\"elementor-widget-wrap elementor-element-populated\">\n\t\t\t\t\t\t<div class=\"elementor-element elementor-element-2168782e elementor-widget elementor-widget-image\" data-id=\"2168782e\" data-element_type=\"widget\" data-widget_type=\"image.default\">\n\t\t\t\t<div class=\"elementor-widget-container\">\n\t\t\t\t\t\t\t\t\t\t\t\t\t\t\t<img fetchpriority=\"high\" decoding=\"async\" width=\"900\" height=\"599\" src=\"https:\/\/jenifergutierrezmakeup.com\/wp-content\/uploads\/2024\/10\/woman-getting-eyebrow-treatment-1024x681.webp\" class=\"attachment-large size-large wp-image-2179\" alt=\"Jenifer Guti\u00e9rrez Make Up &amp; Brows\" srcset=\"https:\/\/jenifergutierrezmakeup.com\/wp-content\/uploads\/2024\/10\/woman-getting-eyebrow-treatment-1024x681.webp 1024w, https:\/\/jenifergutierrezmakeup.com\/wp-content\/uploads\/2024\/10\/woman-getting-eyebrow-treatment-300x200.webp 300w, https:\/\/jenifergutierrezmakeup.com\/wp-content\/uploads\/2024\/10\/woman-getting-eyebrow-treatment-768x511.webp 768w, https:\/\/jenifergutierrezmakeup.com\/wp-content\/uploads\/2024\/10\/woman-getting-eyebrow-treatment-1536x1022.webp 1536w, https:\/\/jenifergutierrezmakeup.com\/wp-content\/uploads\/2024\/10\/woman-getting-eyebrow-treatment-scaled.webp 1920w, https:\/\/jenifergutierrezmakeup.com\/wp-content\/uploads\/2024\/10\/woman-getting-eyebrow-treatment-900x599.webp 900w\" sizes=\"(max-width: 900px) 100vw, 900px\" \/>\t\t\t\t\t\t\t\t\t\t\t\t\t\t\t<\/div>\n\t\t\t\t<\/div>\n\t\t\t\t<div class=\"elementor-element elementor-element-55e5c71a elementor-widget elementor-widget-image\" data-id=\"55e5c71a\" data-element_type=\"widget\" data-widget_type=\"image.default\">\n\t\t\t\t<div class=\"elementor-widget-container\">\n\t\t\t\t\t\t\t\t\t\t\t\t\t\t\t<img decoding=\"async\" width=\"300\" height=\"127\" src=\"https:\/\/jenifergutierrezmakeup.com\/wp-content\/uploads\/2024\/10\/boldbrows-copia-300x127.webp\" class=\"attachment-medium size-medium wp-image-2180\" alt=\"Jenifer Guti\u00e9rrez Make Up &amp; Brows\" srcset=\"https:\/\/jenifergutierrezmakeup.com\/wp-content\/uploads\/2024\/10\/boldbrows-copia-300x127.webp 300w, https:\/\/jenifergutierrezmakeup.com\/wp-content\/uploads\/2024\/10\/boldbrows-copia-768x325.webp 768w, https:\/\/jenifergutierrezmakeup.com\/wp-content\/uploads\/2024\/10\/boldbrows-copia-900x380.webp 900w, https:\/\/jenifergutierrezmakeup.com\/wp-content\/uploads\/2024\/10\/boldbrows-copia.webp 918w\" sizes=\"(max-width: 300px) 100vw, 300px\" \/>\t\t\t\t\t\t\t\t\t\t\t\t\t\t\t<\/div>\n\t\t\t\t<\/div>\n\t\t\t\t<div class=\"elementor-element elementor-element-33d56d9c elementor-widget elementor-widget-text-editor\" data-id=\"33d56d9c\" data-element_type=\"widget\" data-widget_type=\"text-editor.default\">\n\t\t\t\t<div class=\"elementor-widget-container\">\n\t\t\t\t\t\t\t\t\t<p>Me form\u00e9 en PhiAcademy, y esto es importante ya que <b>es la mayor academia de microblading y maquillaje permanente del mundo<\/b>, y se enorgullece de formar a los mejores artistas de belleza del mundo. Estoy muy orgullosa de haberme formado con ellos, ya que son un sello de garant\u00eda de calidad.<\/p>\t\t\t\t\t\t\t\t<\/div>\n\t\t\t\t<\/div>\n\t\t\t\t<div class=\"elementor-element elementor-element-2508fa2e e-transform elementor-widget elementor-widget-image\" data-id=\"2508fa2e\" data-element_type=\"widget\" data-settings=\"{&quot;_transform_rotateZ_effect&quot;:{&quot;unit&quot;:&quot;px&quot;,&quot;size&quot;:181,&quot;sizes&quot;:[]},&quot;_transform_rotateZ_effect_tablet&quot;:{&quot;unit&quot;:&quot;deg&quot;,&quot;size&quot;:&quot;&quot;,&quot;sizes&quot;:[]},&quot;_transform_rotateZ_effect_mobile&quot;:{&quot;unit&quot;:&quot;deg&quot;,&quot;size&quot;:&quot;&quot;,&quot;sizes&quot;:[]}}\" data-widget_type=\"image.default\">\n\t\t\t\t<div class=\"elementor-widget-container\">\n\t\t\t\t\t\t\t\t\t\t\t\t\t\t\t<img decoding=\"async\" width=\"289\" height=\"291\" src=\"https:\/\/jenifergutierrezmakeup.com\/wp-content\/uploads\/2022\/05\/feature-leaf.png\" class=\"attachment-large size-large wp-image-48\" alt=\"\" srcset=\"https:\/\/jenifergutierrezmakeup.com\/wp-content\/uploads\/2022\/05\/feature-leaf.png 289w, https:\/\/jenifergutierrezmakeup.com\/wp-content\/uploads\/2022\/05\/feature-leaf-150x150.png 150w, https:\/\/jenifergutierrezmakeup.com\/wp-content\/uploads\/2022\/05\/feature-leaf-100x100.png 100w\" sizes=\"(max-width: 289px) 100vw, 289px\" \/>\t\t\t\t\t\t\t\t\t\t\t\t\t\t\t<\/div>\n\t\t\t\t<\/div>\n\t\t\t\t\t<\/div>\n\t\t<\/div>\n\t\t\t\t\t<\/div>\n\t\t<\/section>\n\t\t\t\t<section class=\"elementor-section elementor-top-section elementor-element elementor-element-ce5c172 elementor-section-full_width elementor-section-height-default elementor-section-height-default\" data-id=\"ce5c172\" data-element_type=\"section\">\n\t\t\t\t\t\t<div class=\"elementor-container elementor-column-gap-no\">\n\t\t\t\t\t<div class=\"elementor-column elementor-col-100 elementor-top-column elementor-element elementor-element-c3c8c60\" data-id=\"c3c8c60\" data-element_type=\"column\">\n\t\t\t<div class=\"elementor-widget-wrap elementor-element-populated\">\n\t\t\t\t\t\t<div class=\"elementor-element elementor-element-e5ce4b5 elementor-widget elementor-widget-lesya-clients\" data-id=\"e5ce4b5\" data-element_type=\"widget\" data-widget_type=\"lesya-clients.default\">\n\t\t\t\t<div class=\"elementor-widget-container\">\n\t\t\t\t\t\n\t\t<!-- Client Logo Section Start -->\n\t\t<div class=\"client-logos text-center pt-80 pb-70\">\n      <div class=\"container\">\n\t\t              <div class=\"client-logo-wrap\">\n                          \t\t\t\t\t\t\t\t<div>\n\t\t\t\t\t\t\t\t\t\t                  <img decoding=\"async\" src=\"https:\/\/jenifergutierrezmakeup.com\/wp-content\/uploads\/2024\/10\/boldbrows-copia-900x388.webp\" alt=\"items.0.title\" \/>\n\t\t\t\t\t\t\t\t\t\t\t\t\t\t\t\t\t<\/div>\n                  \t\t\t\t              \t\t\t\t\t\t\t\t<div>\n\t\t\t\t\t\t\t\t\t\t                  <img decoding=\"async\" src=\"https:\/\/jenifergutierrezmakeup.com\/wp-content\/uploads\/2024\/10\/images.png\" alt=\"items.1.title\" \/>\n\t\t\t\t\t\t\t\t\t\t\t\t\t\t\t\t\t<\/div>\n                  \t\t\t\t              \t\t\t\t\t\t\t\t<div>\n\t\t\t\t\t\t\t\t\t\t                  <img decoding=\"async\" src=\"https:\/\/jenifergutierrezmakeup.com\/wp-content\/uploads\/2024\/10\/MAC-Cosmetics-logo-2.png\" alt=\"items.2.title\" \/>\n\t\t\t\t\t\t\t\t\t\t\t\t\t\t\t\t\t<\/div>\n                  \t\t\t\t              \t\t\t\t\t\t\t\t<div>\n\t\t\t\t\t\t\t\t\t\t                  <img decoding=\"async\" src=\"https:\/\/jenifergutierrezmakeup.com\/wp-content\/uploads\/2024\/10\/NARS_Cosmetics_logo-1.png\" alt=\"items.3.title\" \/>\n\t\t\t\t\t\t\t\t\t\t\t\t\t\t\t\t\t<\/div>\n                  \t\t\t\t              \t\t\t\t\t\t\t\t<div>\n\t\t\t\t\t\t\t\t\t\t                  <img decoding=\"async\" src=\"https:\/\/jenifergutierrezmakeup.com\/wp-content\/uploads\/2024\/10\/Charlotte-Tilbury-logo-1.png\" alt=\"items.4.title\" \/>\n\t\t\t\t\t\t\t\t\t\t\t\t\t\t\t\t\t<\/div>\n                  \t\t\t\t          <\/div>\n\t\t\t\t      <\/div>\n\t\t<\/section>\n\t\t<!-- Client Logo Section End -->\n\n\t\t\t\t\t\t<\/div>\n\t\t\t\t<\/div>\n\t\t\t\t\t<\/div>\n\t\t<\/div>\n\t\t\t\t\t<\/div>\n\t\t<\/section>\n\t\t\t\t<\/div>\n\t\t","protected":false},"excerpt":{"rendered":"<p>Jenifer Guti\u00e9rrez Sobre m\u00ed Home Soy\u00a0Jenifer Guti\u00e9rrez, apasionada del maquillaje&#8230; <a href=\"https:\/\/jenifergutierrezmakeup.com\/es_es\/sobre-mi\/\" class=\"theme-btn style-seven\">Learn more<i class=\"fas fa-long-arrow-alt-right\"><\/i><\/a><\/p>\n","protected":false},"author":1,"featured_media":0,"parent":0,"menu_order":0,"comment_status":"closed","ping_status":"closed","template":"elementor_header_footer","meta":{"_acf_changed":false,"om_disable_all_campaigns":false,"_monsterinsights_skip_tracking":false,"_monsterinsights_sitenote_active":false,"_monsterinsights_sitenote_note":"","_monsterinsights_sitenote_category":0,"_uf_show_specific_survey":0,"_uf_disable_surveys":false,"_joinchat":[],"footnotes":""},"class_list":["post-493","page","type-page","status-publish","hentry"],"acf":[],"aioseo_notices":[],"yoast_head":"<!-- This site is optimized with the Yoast SEO plugin v26.8 - https:\/\/yoast.com\/product\/yoast-seo-wordpress\/ -->\n<title>Sobre m\u00ed - Jenifer Guti\u00e9rrez<\/title>\n<meta name=\"robots\" content=\"index, follow, max-snippet:-1, max-image-preview:large, max-video-preview:-1\" \/>\n<link rel=\"canonical\" href=\"https:\/\/jenifergutierrezmakeup.com\/es_es\/sobre-mi\/\" \/>\n<meta property=\"og:locale\" content=\"es_ES\" \/>\n<meta property=\"og:type\" content=\"article\" \/>\n<meta property=\"og:title\" content=\"Sobre m\u00ed - Jenifer Guti\u00e9rrez\" \/>\n<meta property=\"og:description\" content=\"Jenifer Guti\u00e9rrez Sobre m\u00ed Home Soy\u00a0Jenifer Guti\u00e9rrez, apasionada del maquillaje... Learn more\" \/>\n<meta property=\"og:url\" content=\"https:\/\/jenifergutierrezmakeup.com\/es_es\/sobre-mi\/\" \/>\n<meta property=\"og:site_name\" content=\"Jenifer Guti\u00e9rrez\" \/>\n<meta property=\"article:modified_time\" content=\"2024-10-11T08:17:19+00:00\" \/>\n<meta property=\"og:image\" content=\"https:\/\/jenifergutierrezmakeup.com\/wp-content\/uploads\/2024\/10\/image00007-1-900x600.jpeg\" \/>\n<meta name=\"twitter:card\" content=\"summary_large_image\" \/>\n<meta name=\"twitter:label1\" content=\"Tiempo de lectura\" \/>\n\t<meta name=\"twitter:data1\" content=\"1 minuto\" \/>\n<script type=\"application\/ld+json\" class=\"yoast-schema-graph\">{\"@context\":\"https:\/\/schema.org\",\"@graph\":[{\"@type\":\"WebPage\",\"@id\":\"https:\/\/jenifergutierrezmakeup.com\/sobre-mi\/\",\"url\":\"https:\/\/jenifergutierrezmakeup.com\/sobre-mi\/\",\"name\":\"Sobre m\u00ed - Jenifer Guti\u00e9rrez\",\"isPartOf\":{\"@id\":\"https:\/\/jenifergutierrezmakeup.com\/#website\"},\"primaryImageOfPage\":{\"@id\":\"https:\/\/jenifergutierrezmakeup.com\/sobre-mi\/#primaryimage\"},\"image\":{\"@id\":\"https:\/\/jenifergutierrezmakeup.com\/sobre-mi\/#primaryimage\"},\"thumbnailUrl\":\"https:\/\/jenifergutierrezmakeup.com\/wp-content\/uploads\/2024\/10\/image00007-1-900x600.jpeg\",\"datePublished\":\"2022-06-08T17:07:24+00:00\",\"dateModified\":\"2024-10-11T08:17:19+00:00\",\"breadcrumb\":{\"@id\":\"https:\/\/jenifergutierrezmakeup.com\/sobre-mi\/#breadcrumb\"},\"inLanguage\":\"es\",\"potentialAction\":[{\"@type\":\"ReadAction\",\"target\":[\"https:\/\/jenifergutierrezmakeup.com\/sobre-mi\/\"]}]},{\"@type\":\"ImageObject\",\"inLanguage\":\"es\",\"@id\":\"https:\/\/jenifergutierrezmakeup.com\/sobre-mi\/#primaryimage\",\"url\":\"https:\/\/jenifergutierrezmakeup.com\/wp-content\/uploads\/2024\/10\/image00007-1-900x600.jpeg\",\"contentUrl\":\"https:\/\/jenifergutierrezmakeup.com\/wp-content\/uploads\/2024\/10\/image00007-1-900x600.jpeg\"},{\"@type\":\"BreadcrumbList\",\"@id\":\"https:\/\/jenifergutierrezmakeup.com\/sobre-mi\/#breadcrumb\",\"itemListElement\":[{\"@type\":\"ListItem\",\"position\":1,\"name\":\"Portada\",\"item\":\"https:\/\/jenifergutierrezmakeup.com\/\"},{\"@type\":\"ListItem\",\"position\":2,\"name\":\"Sobre m\u00ed\"}]},{\"@type\":\"WebSite\",\"@id\":\"https:\/\/jenifergutierrezmakeup.com\/#website\",\"url\":\"https:\/\/jenifergutierrezmakeup.com\/\",\"name\":\"Jenifer Guti\u00e9rrez Make Up & Brows\",\"description\":\"Make Up &amp; Brows\",\"publisher\":{\"@id\":\"https:\/\/jenifergutierrezmakeup.com\/#\/schema\/person\/2abe393de2ed3bcbbcb8427cec8c6503\"},\"potentialAction\":[{\"@type\":\"SearchAction\",\"target\":{\"@type\":\"EntryPoint\",\"urlTemplate\":\"https:\/\/jenifergutierrezmakeup.com\/?s={search_term_string}\"},\"query-input\":{\"@type\":\"PropertyValueSpecification\",\"valueRequired\":true,\"valueName\":\"search_term_string\"}}],\"inLanguage\":\"es\"},{\"@type\":[\"Person\",\"Organization\"],\"@id\":\"https:\/\/jenifergutierrezmakeup.com\/#\/schema\/person\/2abe393de2ed3bcbbcb8427cec8c6503\",\"name\":\"jg-admin\",\"image\":{\"@type\":\"ImageObject\",\"inLanguage\":\"es\",\"@id\":\"https:\/\/jenifergutierrezmakeup.com\/#\/schema\/person\/image\/\",\"url\":\"https:\/\/jenifergutierrezmakeup.com\/wp-content\/uploads\/2022\/06\/logojg2-16.webp\",\"contentUrl\":\"https:\/\/jenifergutierrezmakeup.com\/wp-content\/uploads\/2022\/06\/logojg2-16.webp\",\"width\":1667,\"height\":528,\"caption\":\"jg-admin\"},\"logo\":{\"@id\":\"https:\/\/jenifergutierrezmakeup.com\/#\/schema\/person\/image\/\"},\"sameAs\":[\"https:\/\/jenifergutierrezmakeup.com\"]}]}<\/script>\n<!-- \/ Yoast SEO plugin. -->","yoast_head_json":{"title":"Sobre m\u00ed - Jenifer Guti\u00e9rrez","robots":{"index":"index","follow":"follow","max-snippet":"max-snippet:-1","max-image-preview":"max-image-preview:large","max-video-preview":"max-video-preview:-1"},"canonical":"https:\/\/jenifergutierrezmakeup.com\/es_es\/sobre-mi\/","og_locale":"es_ES","og_type":"article","og_title":"Sobre m\u00ed - Jenifer Guti\u00e9rrez","og_description":"Jenifer Guti\u00e9rrez Sobre m\u00ed Home Soy\u00a0Jenifer Guti\u00e9rrez, apasionada del maquillaje... Learn more","og_url":"https:\/\/jenifergutierrezmakeup.com\/es_es\/sobre-mi\/","og_site_name":"Jenifer Guti\u00e9rrez","article_modified_time":"2024-10-11T08:17:19+00:00","og_image":[{"url":"https:\/\/jenifergutierrezmakeup.com\/wp-content\/uploads\/2024\/10\/image00007-1-900x600.jpeg","type":"","width":"","height":""}],"twitter_card":"summary_large_image","twitter_misc":{"Tiempo de lectura":"1 minuto"},"schema":{"@context":"https:\/\/schema.org","@graph":[{"@type":"WebPage","@id":"https:\/\/jenifergutierrezmakeup.com\/sobre-mi\/","url":"https:\/\/jenifergutierrezmakeup.com\/sobre-mi\/","name":"Sobre m\u00ed - Jenifer Guti\u00e9rrez","isPartOf":{"@id":"https:\/\/jenifergutierrezmakeup.com\/#website"},"primaryImageOfPage":{"@id":"https:\/\/jenifergutierrezmakeup.com\/sobre-mi\/#primaryimage"},"image":{"@id":"https:\/\/jenifergutierrezmakeup.com\/sobre-mi\/#primaryimage"},"thumbnailUrl":"https:\/\/jenifergutierrezmakeup.com\/wp-content\/uploads\/2024\/10\/image00007-1-900x600.jpeg","datePublished":"2022-06-08T17:07:24+00:00","dateModified":"2024-10-11T08:17:19+00:00","breadcrumb":{"@id":"https:\/\/jenifergutierrezmakeup.com\/sobre-mi\/#breadcrumb"},"inLanguage":"es","potentialAction":[{"@type":"ReadAction","target":["https:\/\/jenifergutierrezmakeup.com\/sobre-mi\/"]}]},{"@type":"ImageObject","inLanguage":"es","@id":"https:\/\/jenifergutierrezmakeup.com\/sobre-mi\/#primaryimage","url":"https:\/\/jenifergutierrezmakeup.com\/wp-content\/uploads\/2024\/10\/image00007-1-900x600.jpeg","contentUrl":"https:\/\/jenifergutierrezmakeup.com\/wp-content\/uploads\/2024\/10\/image00007-1-900x600.jpeg"},{"@type":"BreadcrumbList","@id":"https:\/\/jenifergutierrezmakeup.com\/sobre-mi\/#breadcrumb","itemListElement":[{"@type":"ListItem","position":1,"name":"Portada","item":"https:\/\/jenifergutierrezmakeup.com\/"},{"@type":"ListItem","position":2,"name":"Sobre m\u00ed"}]},{"@type":"WebSite","@id":"https:\/\/jenifergutierrezmakeup.com\/#website","url":"https:\/\/jenifergutierrezmakeup.com\/","name":"Jenifer Guti\u00e9rrez Make Up & Brows","description":"Make Up &amp; Brows","publisher":{"@id":"https:\/\/jenifergutierrezmakeup.com\/#\/schema\/person\/2abe393de2ed3bcbbcb8427cec8c6503"},"potentialAction":[{"@type":"SearchAction","target":{"@type":"EntryPoint","urlTemplate":"https:\/\/jenifergutierrezmakeup.com\/?s={search_term_string}"},"query-input":{"@type":"PropertyValueSpecification","valueRequired":true,"valueName":"search_term_string"}}],"inLanguage":"es"},{"@type":["Person","Organization"],"@id":"https:\/\/jenifergutierrezmakeup.com\/#\/schema\/person\/2abe393de2ed3bcbbcb8427cec8c6503","name":"jg-admin","image":{"@type":"ImageObject","inLanguage":"es","@id":"https:\/\/jenifergutierrezmakeup.com\/#\/schema\/person\/image\/","url":"https:\/\/jenifergutierrezmakeup.com\/wp-content\/uploads\/2022\/06\/logojg2-16.webp","contentUrl":"https:\/\/jenifergutierrezmakeup.com\/wp-content\/uploads\/2022\/06\/logojg2-16.webp","width":1667,"height":528,"caption":"jg-admin"},"logo":{"@id":"https:\/\/jenifergutierrezmakeup.com\/#\/schema\/person\/image\/"},"sameAs":["https:\/\/jenifergutierrezmakeup.com"]}]}},"_links":{"self":[{"href":"https:\/\/jenifergutierrezmakeup.com\/es_es\/wp-json\/wp\/v2\/pages\/493","targetHints":{"allow":["GET"]}}],"collection":[{"href":"https:\/\/jenifergutierrezmakeup.com\/es_es\/wp-json\/wp\/v2\/pages"}],"about":[{"href":"https:\/\/jenifergutierrezmakeup.com\/es_es\/wp-json\/wp\/v2\/types\/page"}],"author":[{"embeddable":true,"href":"https:\/\/jenifergutierrezmakeup.com\/es_es\/wp-json\/wp\/v2\/users\/1"}],"replies":[{"embeddable":true,"href":"https:\/\/jenifergutierrezmakeup.com\/es_es\/wp-json\/wp\/v2\/comments?post=493"}],"version-history":[{"count":38,"href":"https:\/\/jenifergutierrezmakeup.com\/es_es\/wp-json\/wp\/v2\/pages\/493\/revisions"}],"predecessor-version":[{"id":2573,"href":"https:\/\/jenifergutierrezmakeup.com\/es_es\/wp-json\/wp\/v2\/pages\/493\/revisions\/2573"}],"wp:attachment":[{"href":"https:\/\/jenifergutierrezmakeup.com\/es_es\/wp-json\/wp\/v2\/media?parent=493"}],"curies":[{"name":"wp","href":"https:\/\/api.w.org\/{rel}","templated":true}]}}