{"id":554,"date":"2022-06-14T22:15:29","date_gmt":"2022-06-14T22:15:29","guid":{"rendered":"https:\/\/lesya-demo.bslthemes.com\/?page_id=554"},"modified":"2024-10-03T14:56:05","modified_gmt":"2024-10-03T14:56:05","slug":"services","status":"publish","type":"page","link":"https:\/\/jenifergutierrezmakeup.com\/es_es\/services\/","title":{"rendered":"Servicios"},"content":{"rendered":"\t\t<div data-elementor-type=\"wp-page\" data-elementor-id=\"554\" class=\"elementor elementor-554\">\n\t\t\t\t\t\t<section class=\"elementor-section elementor-top-section elementor-element elementor-element-a10ff3e elementor-section-full_width elementor-section-height-default elementor-section-height-default\" data-id=\"a10ff3e\" data-element_type=\"section\">\n\t\t\t\t\t\t<div class=\"elementor-container elementor-column-gap-no\">\n\t\t\t\t\t<div class=\"elementor-column elementor-col-100 elementor-top-column elementor-element elementor-element-c402012\" data-id=\"c402012\" data-element_type=\"column\">\n\t\t\t<div class=\"elementor-widget-wrap elementor-element-populated\">\n\t\t\t\t\t\t<div class=\"elementor-element elementor-element-3bedfab elementor-widget elementor-widget-lesya-intro-section\" data-id=\"3bedfab\" data-element_type=\"widget\" data-widget_type=\"lesya-intro-section.default\">\n\t\t\t\t<div class=\"elementor-widget-container\">\n\t\t\t\t\t\n      <!-- Page Banner Start -->\n      <section class=\"page-banner text-white py-165 rpy-130\" style=\"background-image: url(https:\/\/jenifergutierrezmakeup.com\/wp-content\/uploads\/2024\/10\/image00008-1-1920x1280.jpeg);\">\n      \t<div class=\"container\">\n      \t\t<div class=\"banner-inner\">\n                        <span class=\"bg-text\">\n              <span >Servicios<\/span>\n            <\/span>\n                                    <h1 class=\"page-title wow fadeInUp delay-0-2s\">\n              <span >Mis servicios<\/span>\n            <\/h1>\n                        <ol class=\"breadcrumb wow fadeInUp delay-0-4s\"><li class=\"breadcrumb-item\"><a href=\"https:\/\/jenifergutierrezmakeup.com\/es_es\/\" title=\"Jenifer Guti\u00e9rrez \">Home<\/a><\/li><li class=\"breadcrumb-item\"><span><\/span><\/li><\/ol>      \t\t<\/div>\n      \t<\/div>\n      <\/section>\n      <!-- Page Banner End -->\n\n      \t\t\t\t<\/div>\n\t\t\t\t<\/div>\n\t\t\t\t\t<\/div>\n\t\t<\/div>\n\t\t\t\t\t<\/div>\n\t\t<\/section>\n\t\t\t\t<section class=\"elementor-section elementor-top-section elementor-element elementor-element-f6cf603 elementor-section-full_width elementor-section-height-default elementor-section-height-default\" data-id=\"f6cf603\" data-element_type=\"section\" data-settings=\"{&quot;background_background&quot;:&quot;classic&quot;}\">\n\t\t\t\t\t\t<div class=\"elementor-container elementor-column-gap-no\">\n\t\t\t\t\t<div class=\"elementor-column elementor-col-100 elementor-top-column elementor-element elementor-element-1d3488a\" data-id=\"1d3488a\" data-element_type=\"column\">\n\t\t\t<div class=\"elementor-widget-wrap elementor-element-populated\">\n\t\t\t\t\t\t<div class=\"elementor-element elementor-element-2a67c39 elementor-widget elementor-widget-lesya-services-grid\" data-id=\"2a67c39\" data-element_type=\"widget\" data-widget_type=\"lesya-services-grid.default\">\n\t\t\t\t<div class=\"elementor-widget-container\">\n\t\t\t\t\t\n\t\t<!-- Services Section Start -->\n\t\t<section class=\"services-page pt-140 rpt-90 pb-90 rpb-40\">\n\t\t\t\t<div class=\"container\">\n\t\t\t\t\t\t\t\t\t\t\t\t<div class=\"row justify-content-center\">\n\t\t\t\t\t\t\t\t<div class=\"col-lg-10\">\n\t\t\t\t\t\t\t\t\t\t<div class=\"section-title text-center mb-65\">\n\t\t\t\t\t\t\t\t\t\t\t\t\t\t\t\t\t\t\t\t\t\t\t\t<img decoding=\"async\" class=\"bg-image\" src=\"https:\/\/jenifergutierrezmakeup.com\/wp-content\/uploads\/2022\/06\/service-bg.png\" alt=\"image\">\n\t\t\t\t\t\t\t\t\t\t\t\t\t\t\t\t\t\t\t\t\t\t\t\t\t\t\t\t\t\t\t\t\t\t\t\t<span class=\"sub-title\">\n\t\t\t\t\t\t\t\t\t\t\t\t\t<span >\n\t\t\t\t\t\t\t\t\t\t\t\t\t\tQu\u00e9 puedo ofrecerte\t\t\t\t\t\t\t\t\t\t\t\t\t<\/span>\n\t\t\t\t\t\t\t\t\t\t\t\t<\/span>\n\t\t\t\t\t\t\t\t\t\t\t\t\t\t\t\t\t\t\t\t\t\t\t\t\t\t\t\t\t\t\t\t\t\t\t\t<h3>\n\t\t\t\t\t\t\t\t\t\t\t\t\t<span >\n\t\t\t\t\t\t\t\t\t\t\t\t\t\tTe ayudar\u00e9 a mostrar <br>tu mejor versi\u00f3n\t\t\t\t\t\t\t\t\t\t\t\t\t<\/span>\n\t\t\t\t\t\t\t\t\t\t\t\t<\/h3>\n\t\t\t\t\t\t\t\t\t\t\t\t\t\t\t\t\t\t\t\t\t\t<\/div>\n\t\t\t\t\t\t\t\t<\/div>\n\t\t\t\t\t\t<\/div>\n\t\t\t\t\t\t\t\t\t\t\t\t\t\t\t\t\t\t<div class=\"row justify-content-center\">\n\t\t\t\t\t\t\t\t\t\t\t\t\t\t<div class=\"col-lg-4 col-sm-6 hide_button\">\n\t\t\t\t\t\t\t\t\n\n<div class=\"service-item wow fadeInUp delay-0-2s\">\n\t\t\t\t<a href=\"https:\/\/jenifergutierrezmakeup.com\/es_es\/services\/item\/aqualips\/\"><img decoding=\"async\" src=\"https:\/\/jenifergutierrezmakeup.com\/wp-content\/uploads\/2022\/06\/high-fashion-look-glamor-closeup-beauty-portrait-beautiful-caucasian-young-woman-model-with-nude-makeup-with-perfect-clean-skin-900x1350.jpg\" alt=\"Aqualips\" \/><\/a>\n\t\t\t\t<div class=\"service-content\">\n\t\t\t\t\t\t\t\t\t\t\t\t<h5>\n\t\t\t\t\t<a href=\"https:\/\/jenifergutierrezmakeup.com\/es_es\/services\/item\/aqualips\/\">\n\t\t\t\t\t\tAqualips\t\t\t\t\t<\/a>\n\t\t\t\t<\/h5>\n\t\t\t\t\t\t\t\t<a href=\"https:\/\/jenifergutierrezmakeup.com\/es_es\/services\/item\/aqualips\/\" class=\"read-more\">\n\t\t\t\t\tRead More\t\t\t\t\t<i class=\"fas fa-long-arrow-alt-right\"><\/i>\n\t\t\t\t<\/a>\n\t\t<\/div>\n<\/div>\n\t\t\t\t\t\t\t<\/div>\n\t\t\t\t\t\t\t\t\t\t\t\t\t\t<div class=\"col-lg-4 col-sm-6 hide_button\">\n\t\t\t\t\t\t\t\t\n\n<div class=\"service-item wow fadeInUp delay-0-4s\">\n\t\t\t\t<a href=\"https:\/\/jenifergutierrezmakeup.com\/es_es\/services\/item\/microblading\/\"><img decoding=\"async\" src=\"https:\/\/jenifergutierrezmakeup.com\/wp-content\/uploads\/2022\/06\/beautician-doing-microblading-treatment-client-s-eyebrows-900x1353.jpg\" alt=\"Microblading\" \/><\/a>\n\t\t\t\t<div class=\"service-content\">\n\t\t\t\t\t\t\t\t\t\t\t\t<h5>\n\t\t\t\t\t<a href=\"https:\/\/jenifergutierrezmakeup.com\/es_es\/services\/item\/microblading\/\">\n\t\t\t\t\t\tMicroblading\t\t\t\t\t<\/a>\n\t\t\t\t<\/h5>\n\t\t\t\t\t\t\t\t<a href=\"https:\/\/jenifergutierrezmakeup.com\/es_es\/services\/item\/microblading\/\" class=\"read-more\">\n\t\t\t\t\tRead More\t\t\t\t\t<i class=\"fas fa-long-arrow-alt-right\"><\/i>\n\t\t\t\t<\/a>\n\t\t<\/div>\n<\/div>\n\t\t\t\t\t\t\t<\/div>\n\t\t\t\t\t\t\t\t\t\t\t\t\t\t<div class=\"col-lg-4 col-sm-6 hide_button\">\n\t\t\t\t\t\t\t\t\n\n<div class=\"service-item wow fadeInUp delay-0-6s\">\n\t\t\t\t<a href=\"https:\/\/jenifergutierrezmakeup.com\/es_es\/services\/item\/laminado-de-cejas\/\"><img decoding=\"async\" src=\"https:\/\/jenifergutierrezmakeup.com\/wp-content\/uploads\/2022\/06\/portrait-beautiful-woman-with-clear-skin-using-brush-her-eyebrow-900x1350.jpg\" alt=\"Laminado de cejas\" \/><\/a>\n\t\t\t\t<div class=\"service-content\">\n\t\t\t\t\t\t\t\t\t\t\t\t<h5>\n\t\t\t\t\t<a href=\"https:\/\/jenifergutierrezmakeup.com\/es_es\/services\/item\/laminado-de-cejas\/\">\n\t\t\t\t\t\tLaminado de cejas\t\t\t\t\t<\/a>\n\t\t\t\t<\/h5>\n\t\t\t\t\t\t\t\t<a href=\"https:\/\/jenifergutierrezmakeup.com\/es_es\/services\/item\/laminado-de-cejas\/\" class=\"read-more\">\n\t\t\t\t\tRead More\t\t\t\t\t<i class=\"fas fa-long-arrow-alt-right\"><\/i>\n\t\t\t\t<\/a>\n\t\t<\/div>\n<\/div>\n\t\t\t\t\t\t\t<\/div>\n\t\t\t\t\t\t\t\t\t\t\t\t\t\t<div class=\"col-lg-4 col-sm-6 hide_button\">\n\t\t\t\t\t\t\t\t\n\n<div class=\"service-item wow fadeInUp delay-0-8s\">\n\t\t\t\t<a href=\"https:\/\/jenifergutierrezmakeup.com\/es_es\/services\/item\/softliner\/\"><img decoding=\"async\" src=\"https:\/\/jenifergutierrezmakeup.com\/wp-content\/uploads\/2022\/06\/beautiful-caucasian-woman-with-black-eyeliner-900x1350.jpg\" alt=\"Softliner\" \/><\/a>\n\t\t\t\t<div class=\"service-content\">\n\t\t\t\t\t\t\t\t\t\t\t\t<h5>\n\t\t\t\t\t<a href=\"https:\/\/jenifergutierrezmakeup.com\/es_es\/services\/item\/softliner\/\">\n\t\t\t\t\t\tSoftliner\t\t\t\t\t<\/a>\n\t\t\t\t<\/h5>\n\t\t\t\t\t\t\t\t<a href=\"https:\/\/jenifergutierrezmakeup.com\/es_es\/services\/item\/softliner\/\" class=\"read-more\">\n\t\t\t\t\tRead More\t\t\t\t\t<i class=\"fas fa-long-arrow-alt-right\"><\/i>\n\t\t\t\t<\/a>\n\t\t<\/div>\n<\/div>\n\t\t\t\t\t\t\t<\/div>\n\t\t\t\t\t\t\t\t\t\t\t\t\t\t<div class=\"col-lg-4 col-sm-6 hide_button\">\n\t\t\t\t\t\t\t\t\n\n<div class=\"service-item wow fadeInUp delay-0-10s\">\n\t\t\t\t<a href=\"https:\/\/jenifergutierrezmakeup.com\/es_es\/services\/item\/cursos-de-automaquillaje\/\"><img decoding=\"async\" src=\"https:\/\/jenifergutierrezmakeup.com\/wp-content\/uploads\/2022\/06\/young-woman-applying-makeup-using-little-mirror-modest-room-900x1600.jpg\" alt=\"Cursos de automaquillaje\" \/><\/a>\n\t\t\t\t<div class=\"service-content\">\n\t\t\t\t\t\t\t\t\t\t\t\t<h5>\n\t\t\t\t\t<a href=\"https:\/\/jenifergutierrezmakeup.com\/es_es\/services\/item\/cursos-de-automaquillaje\/\">\n\t\t\t\t\t\tCursos de automaquillaje\t\t\t\t\t<\/a>\n\t\t\t\t<\/h5>\n\t\t\t\t\t\t\t\t<a href=\"https:\/\/jenifergutierrezmakeup.com\/es_es\/services\/item\/cursos-de-automaquillaje\/\" class=\"read-more\">\n\t\t\t\t\tRead More\t\t\t\t\t<i class=\"fas fa-long-arrow-alt-right\"><\/i>\n\t\t\t\t<\/a>\n\t\t<\/div>\n<\/div>\n\t\t\t\t\t\t\t<\/div>\n\t\t\t\t\t\t\t\t\t\t\t\t\t\t<div class=\"col-lg-4 col-sm-6 hide_button\">\n\t\t\t\t\t\t\t\t\n\n<div class=\"service-item wow fadeInUp delay-0-12s\">\n\t\t\t\t<a href=\"https:\/\/jenifergutierrezmakeup.com\/es_es\/services\/item\/maquillaje-de-novia\/\"><img decoding=\"async\" src=\"https:\/\/jenifergutierrezmakeup.com\/wp-content\/uploads\/2024\/10\/7-900x1350.jpg\" alt=\"Maquillaje de Novia\" \/><\/a>\n\t\t\t\t<div class=\"service-content\">\n\t\t\t\t\t\t\t\t\t\t\t\t<h5>\n\t\t\t\t\t<a href=\"https:\/\/jenifergutierrezmakeup.com\/es_es\/services\/item\/maquillaje-de-novia\/\">\n\t\t\t\t\t\tMaquillaje de Novia\t\t\t\t\t<\/a>\n\t\t\t\t<\/h5>\n\t\t\t\t\t\t\t\t<a href=\"https:\/\/jenifergutierrezmakeup.com\/es_es\/services\/item\/maquillaje-de-novia\/\" class=\"read-more\">\n\t\t\t\t\tRead More\t\t\t\t\t<i class=\"fas fa-long-arrow-alt-right\"><\/i>\n\t\t\t\t<\/a>\n\t\t<\/div>\n<\/div>\n\t\t\t\t\t\t\t<\/div>\n\t\t\t\t\t\t\t\t\t\t\t\t\t\t<div class=\"col-lg-4 col-sm-6 hide_button\">\n\t\t\t\t\t\t\t\t\n\n<div class=\"service-item wow fadeInUp delay-0-14s\">\n\t\t\t\t<a href=\"https:\/\/jenifergutierrezmakeup.com\/es_es\/services\/item\/depilacion-con-hilo\/\"><img decoding=\"async\" src=\"https:\/\/jenifergutierrezmakeup.com\/wp-content\/uploads\/2022\/06\/young-woman-relaxing-beauty-salon-900x900.jpg\" alt=\"Depilaci\u00f3n con Hilo\" \/><\/a>\n\t\t\t\t<div class=\"service-content\">\n\t\t\t\t\t\t\t\t\t\t\t\t<h5>\n\t\t\t\t\t<a href=\"https:\/\/jenifergutierrezmakeup.com\/es_es\/services\/item\/depilacion-con-hilo\/\">\n\t\t\t\t\t\tDepilaci\u00f3n con Hilo\t\t\t\t\t<\/a>\n\t\t\t\t<\/h5>\n\t\t\t\t\t\t\t\t<a href=\"https:\/\/jenifergutierrezmakeup.com\/es_es\/services\/item\/depilacion-con-hilo\/\" class=\"read-more\">\n\t\t\t\t\tRead More\t\t\t\t\t<i class=\"fas fa-long-arrow-alt-right\"><\/i>\n\t\t\t\t<\/a>\n\t\t<\/div>\n<\/div>\n\t\t\t\t\t\t\t<\/div>\n\t\t\t\t\t\t\t\t\t\t\t\t\t\t<div class=\"col-lg-4 col-sm-6 hide_button\">\n\t\t\t\t\t\t\t\t\n\n<div class=\"service-item wow fadeInUp delay-0-16s\">\n\t\t\t\t<a href=\"https:\/\/jenifergutierrezmakeup.com\/es_es\/services\/item\/lifting-tinte-de-pestanas\/\"><img decoding=\"async\" src=\"https:\/\/jenifergutierrezmakeup.com\/wp-content\/uploads\/2022\/06\/top-view-woman-wearing-eye-patches-900x1350.jpg\" alt=\"Lifting y tinte de pesta\u00f1as\" \/><\/a>\n\t\t\t\t<div class=\"service-content\">\n\t\t\t\t\t\t\t\t\t\t\t\t<h5>\n\t\t\t\t\t<a href=\"https:\/\/jenifergutierrezmakeup.com\/es_es\/services\/item\/lifting-tinte-de-pestanas\/\">\n\t\t\t\t\t\tLifting y tinte de pesta\u00f1as\t\t\t\t\t<\/a>\n\t\t\t\t<\/h5>\n\t\t\t\t\t\t\t\t<a href=\"https:\/\/jenifergutierrezmakeup.com\/es_es\/services\/item\/lifting-tinte-de-pestanas\/\" class=\"read-more\">\n\t\t\t\t\tRead More\t\t\t\t\t<i class=\"fas fa-long-arrow-alt-right\"><\/i>\n\t\t\t\t<\/a>\n\t\t<\/div>\n<\/div>\n\t\t\t\t\t\t\t<\/div>\n\t\t\t\t\t\t\t\t\t\t\t\t\t<\/div>\n\t\t\t\t\t\t\n\t\t\t\t\t\t\t\t\t\t<\/div>\n\t\t<\/section>\n\t\t<!-- Services Section End -->\n\n\t\t\t\t\t\t<\/div>\n\t\t\t\t<\/div>\n\t\t\t\t\t<\/div>\n\t\t<\/div>\n\t\t\t\t\t<\/div>\n\t\t<\/section>\n\t\t\t\t<\/div>\n\t\t","protected":false},"excerpt":{"rendered":"<p>Servicios Mis servicios Home Qu\u00e9 puedo ofrecerte Te ayudar\u00e9 a&#8230; <a href=\"https:\/\/jenifergutierrezmakeup.com\/es_es\/services\/item\/lifting-tinte-de-pestanas\/\" class=\"theme-btn style-seven\">Learn more<i class=\"fas fa-long-arrow-alt-right\"><\/i><\/a><\/p>\n","protected":false},"author":1,"featured_media":0,"parent":0,"menu_order":0,"comment_status":"closed","ping_status":"closed","template":"template-layout-builder.php","meta":{"_acf_changed":false,"om_disable_all_campaigns":false,"_monsterinsights_skip_tracking":false,"_monsterinsights_sitenote_active":false,"_monsterinsights_sitenote_note":"","_monsterinsights_sitenote_category":0,"_uf_show_specific_survey":0,"_uf_disable_surveys":false,"_joinchat":[],"footnotes":""},"class_list":["post-554","page","type-page","status-publish","hentry"],"acf":[],"aioseo_notices":[],"yoast_head":"<!-- This site is optimized with the Yoast SEO plugin v26.8 - https:\/\/yoast.com\/product\/yoast-seo-wordpress\/ -->\n<title>Servicios - Jenifer Guti\u00e9rrez<\/title>\n<meta name=\"robots\" content=\"index, follow, max-snippet:-1, max-image-preview:large, max-video-preview:-1\" \/>\n<link rel=\"canonical\" href=\"https:\/\/jenifergutierrezmakeup.com\/es_es\/services\/\" \/>\n<meta property=\"og:locale\" content=\"es_ES\" \/>\n<meta property=\"og:type\" content=\"article\" \/>\n<meta property=\"og:title\" content=\"Servicios - Jenifer Guti\u00e9rrez\" \/>\n<meta property=\"og:description\" content=\"Servicios Mis servicios Home Qu\u00e9 puedo ofrecerte Te ayudar\u00e9 a... Learn more\" \/>\n<meta property=\"og:url\" content=\"https:\/\/jenifergutierrezmakeup.com\/es_es\/services\/\" \/>\n<meta property=\"og:site_name\" content=\"Jenifer Guti\u00e9rrez\" \/>\n<meta property=\"article:modified_time\" content=\"2024-10-03T14:56:05+00:00\" \/>\n<meta property=\"og:image\" content=\"https:\/\/jenifergutierrezmakeup.com\/wp-content\/uploads\/2022\/06\/service-bg.png\" \/>\n<meta name=\"twitter:card\" content=\"summary_large_image\" \/>\n<script type=\"application\/ld+json\" class=\"yoast-schema-graph\">{\"@context\":\"https:\/\/schema.org\",\"@graph\":[{\"@type\":\"WebPage\",\"@id\":\"https:\/\/jenifergutierrezmakeup.com\/services\/\",\"url\":\"https:\/\/jenifergutierrezmakeup.com\/services\/\",\"name\":\"Servicios - Jenifer Guti\u00e9rrez\",\"isPartOf\":{\"@id\":\"https:\/\/jenifergutierrezmakeup.com\/#website\"},\"primaryImageOfPage\":{\"@id\":\"https:\/\/jenifergutierrezmakeup.com\/services\/#primaryimage\"},\"image\":{\"@id\":\"https:\/\/jenifergutierrezmakeup.com\/services\/#primaryimage\"},\"thumbnailUrl\":\"https:\/\/jenifergutierrezmakeup.com\/wp-content\/uploads\/2022\/06\/service-bg.png\",\"datePublished\":\"2022-06-14T22:15:29+00:00\",\"dateModified\":\"2024-10-03T14:56:05+00:00\",\"breadcrumb\":{\"@id\":\"https:\/\/jenifergutierrezmakeup.com\/services\/#breadcrumb\"},\"inLanguage\":\"es\",\"potentialAction\":[{\"@type\":\"ReadAction\",\"target\":[\"https:\/\/jenifergutierrezmakeup.com\/services\/\"]}]},{\"@type\":\"ImageObject\",\"inLanguage\":\"es\",\"@id\":\"https:\/\/jenifergutierrezmakeup.com\/services\/#primaryimage\",\"url\":\"https:\/\/jenifergutierrezmakeup.com\/wp-content\/uploads\/2022\/06\/service-bg.png\",\"contentUrl\":\"https:\/\/jenifergutierrezmakeup.com\/wp-content\/uploads\/2022\/06\/service-bg.png\"},{\"@type\":\"BreadcrumbList\",\"@id\":\"https:\/\/jenifergutierrezmakeup.com\/services\/#breadcrumb\",\"itemListElement\":[{\"@type\":\"ListItem\",\"position\":1,\"name\":\"Portada\",\"item\":\"https:\/\/jenifergutierrezmakeup.com\/\"},{\"@type\":\"ListItem\",\"position\":2,\"name\":\"Servicios\"}]},{\"@type\":\"WebSite\",\"@id\":\"https:\/\/jenifergutierrezmakeup.com\/#website\",\"url\":\"https:\/\/jenifergutierrezmakeup.com\/\",\"name\":\"Jenifer Guti\u00e9rrez Make Up & Brows\",\"description\":\"Make Up &amp; Brows\",\"publisher\":{\"@id\":\"https:\/\/jenifergutierrezmakeup.com\/#\/schema\/person\/2abe393de2ed3bcbbcb8427cec8c6503\"},\"potentialAction\":[{\"@type\":\"SearchAction\",\"target\":{\"@type\":\"EntryPoint\",\"urlTemplate\":\"https:\/\/jenifergutierrezmakeup.com\/?s={search_term_string}\"},\"query-input\":{\"@type\":\"PropertyValueSpecification\",\"valueRequired\":true,\"valueName\":\"search_term_string\"}}],\"inLanguage\":\"es\"},{\"@type\":[\"Person\",\"Organization\"],\"@id\":\"https:\/\/jenifergutierrezmakeup.com\/#\/schema\/person\/2abe393de2ed3bcbbcb8427cec8c6503\",\"name\":\"jg-admin\",\"image\":{\"@type\":\"ImageObject\",\"inLanguage\":\"es\",\"@id\":\"https:\/\/jenifergutierrezmakeup.com\/#\/schema\/person\/image\/\",\"url\":\"https:\/\/jenifergutierrezmakeup.com\/wp-content\/uploads\/2022\/06\/logojg2-16.webp\",\"contentUrl\":\"https:\/\/jenifergutierrezmakeup.com\/wp-content\/uploads\/2022\/06\/logojg2-16.webp\",\"width\":1667,\"height\":528,\"caption\":\"jg-admin\"},\"logo\":{\"@id\":\"https:\/\/jenifergutierrezmakeup.com\/#\/schema\/person\/image\/\"},\"sameAs\":[\"https:\/\/jenifergutierrezmakeup.com\"]}]}<\/script>\n<!-- \/ Yoast SEO plugin. -->","yoast_head_json":{"title":"Servicios - Jenifer Guti\u00e9rrez","robots":{"index":"index","follow":"follow","max-snippet":"max-snippet:-1","max-image-preview":"max-image-preview:large","max-video-preview":"max-video-preview:-1"},"canonical":"https:\/\/jenifergutierrezmakeup.com\/es_es\/services\/","og_locale":"es_ES","og_type":"article","og_title":"Servicios - Jenifer Guti\u00e9rrez","og_description":"Servicios Mis servicios Home Qu\u00e9 puedo ofrecerte Te ayudar\u00e9 a... Learn more","og_url":"https:\/\/jenifergutierrezmakeup.com\/es_es\/services\/","og_site_name":"Jenifer Guti\u00e9rrez","article_modified_time":"2024-10-03T14:56:05+00:00","og_image":[{"url":"https:\/\/jenifergutierrezmakeup.com\/wp-content\/uploads\/2022\/06\/service-bg.png","type":"","width":"","height":""}],"twitter_card":"summary_large_image","schema":{"@context":"https:\/\/schema.org","@graph":[{"@type":"WebPage","@id":"https:\/\/jenifergutierrezmakeup.com\/services\/","url":"https:\/\/jenifergutierrezmakeup.com\/services\/","name":"Servicios - Jenifer Guti\u00e9rrez","isPartOf":{"@id":"https:\/\/jenifergutierrezmakeup.com\/#website"},"primaryImageOfPage":{"@id":"https:\/\/jenifergutierrezmakeup.com\/services\/#primaryimage"},"image":{"@id":"https:\/\/jenifergutierrezmakeup.com\/services\/#primaryimage"},"thumbnailUrl":"https:\/\/jenifergutierrezmakeup.com\/wp-content\/uploads\/2022\/06\/service-bg.png","datePublished":"2022-06-14T22:15:29+00:00","dateModified":"2024-10-03T14:56:05+00:00","breadcrumb":{"@id":"https:\/\/jenifergutierrezmakeup.com\/services\/#breadcrumb"},"inLanguage":"es","potentialAction":[{"@type":"ReadAction","target":["https:\/\/jenifergutierrezmakeup.com\/services\/"]}]},{"@type":"ImageObject","inLanguage":"es","@id":"https:\/\/jenifergutierrezmakeup.com\/services\/#primaryimage","url":"https:\/\/jenifergutierrezmakeup.com\/wp-content\/uploads\/2022\/06\/service-bg.png","contentUrl":"https:\/\/jenifergutierrezmakeup.com\/wp-content\/uploads\/2022\/06\/service-bg.png"},{"@type":"BreadcrumbList","@id":"https:\/\/jenifergutierrezmakeup.com\/services\/#breadcrumb","itemListElement":[{"@type":"ListItem","position":1,"name":"Portada","item":"https:\/\/jenifergutierrezmakeup.com\/"},{"@type":"ListItem","position":2,"name":"Servicios"}]},{"@type":"WebSite","@id":"https:\/\/jenifergutierrezmakeup.com\/#website","url":"https:\/\/jenifergutierrezmakeup.com\/","name":"Jenifer Guti\u00e9rrez Make Up & Brows","description":"Make Up &amp; Brows","publisher":{"@id":"https:\/\/jenifergutierrezmakeup.com\/#\/schema\/person\/2abe393de2ed3bcbbcb8427cec8c6503"},"potentialAction":[{"@type":"SearchAction","target":{"@type":"EntryPoint","urlTemplate":"https:\/\/jenifergutierrezmakeup.com\/?s={search_term_string}"},"query-input":{"@type":"PropertyValueSpecification","valueRequired":true,"valueName":"search_term_string"}}],"inLanguage":"es"},{"@type":["Person","Organization"],"@id":"https:\/\/jenifergutierrezmakeup.com\/#\/schema\/person\/2abe393de2ed3bcbbcb8427cec8c6503","name":"jg-admin","image":{"@type":"ImageObject","inLanguage":"es","@id":"https:\/\/jenifergutierrezmakeup.com\/#\/schema\/person\/image\/","url":"https:\/\/jenifergutierrezmakeup.com\/wp-content\/uploads\/2022\/06\/logojg2-16.webp","contentUrl":"https:\/\/jenifergutierrezmakeup.com\/wp-content\/uploads\/2022\/06\/logojg2-16.webp","width":1667,"height":528,"caption":"jg-admin"},"logo":{"@id":"https:\/\/jenifergutierrezmakeup.com\/#\/schema\/person\/image\/"},"sameAs":["https:\/\/jenifergutierrezmakeup.com"]}]}},"_links":{"self":[{"href":"https:\/\/jenifergutierrezmakeup.com\/es_es\/wp-json\/wp\/v2\/pages\/554","targetHints":{"allow":["GET"]}}],"collection":[{"href":"https:\/\/jenifergutierrezmakeup.com\/es_es\/wp-json\/wp\/v2\/pages"}],"about":[{"href":"https:\/\/jenifergutierrezmakeup.com\/es_es\/wp-json\/wp\/v2\/types\/page"}],"author":[{"embeddable":true,"href":"https:\/\/jenifergutierrezmakeup.com\/es_es\/wp-json\/wp\/v2\/users\/1"}],"replies":[{"embeddable":true,"href":"https:\/\/jenifergutierrezmakeup.com\/es_es\/wp-json\/wp\/v2\/comments?post=554"}],"version-history":[{"count":8,"href":"https:\/\/jenifergutierrezmakeup.com\/es_es\/wp-json\/wp\/v2\/pages\/554\/revisions"}],"predecessor-version":[{"id":2550,"href":"https:\/\/jenifergutierrezmakeup.com\/es_es\/wp-json\/wp\/v2\/pages\/554\/revisions\/2550"}],"wp:attachment":[{"href":"https:\/\/jenifergutierrezmakeup.com\/es_es\/wp-json\/wp\/v2\/media?parent=554"}],"curies":[{"name":"wp","href":"https:\/\/api.w.org\/{rel}","templated":true}]}}